{"id":102,"date":"2023-03-24T11:37:03","date_gmt":"2023-03-24T11:37:03","guid":{"rendered":"http:\/\/www.ruedaton.es\/?page_id=102"},"modified":"2025-05-22T11:59:29","modified_gmt":"2025-05-22T11:59:29","slug":"la-ruta","status":"publish","type":"page","link":"https:\/\/www.ruedaton.es\/?page_id=102","title":{"rendered":"Ruta"},"content":{"rendered":"\n<p>\u00a1Este es un evento abierto al que cualquier bailar\u00edn de rueda puede unirse en cualquier parte de la ruta!<\/p>\n\n\n\n<p>\u00a1Importante! No es necesario hacer toda la ruta o registrarse, puedes unirte y dejar el grupo en cualquier momento. Solo aseg\u00farate de revisar cuidadosamente el horario, <strong>ser flexible <\/strong>si hay cambios de \u00faltima hora en la ruta y mantenerte cerca de los voluntarios.<\/p>\n\n\n\n<p>Pondremos una canci\u00f3n antes de que comience la rueda para que todos tengan tiempo de emparejarse. \u00a1Esto es una marat\u00f3n, no una carrera! Una vez que comienza la segunda canci\u00f3n de rueda, \u00fanete r\u00e1pidamente a una. Si la rueda ya est\u00e1 en marcha, te pedimos que no te unas (<a href=\"https:\/\/dame2salsa.com\/consejos-de-salsa-cubana-ii-la-ruedetiqueta\/\" data-type=\"link\" data-id=\"https:\/\/dame2salsa.com\/consejos-de-salsa-cubana-ii-la-ruedetiqueta\/\">la etiqueta<\/a>). \u00a1Baila en el exterior o gr\u00e1banos en v\u00eddeo!<\/p>\n\n\n\n<p>D\u00eda 1 Ruta D\u00eda completo + parada para comer + social por la noche<\/p>\n\n\n\n<p>D\u00eda 2 Ruta Tardeo de ruedas + picnic\/tapeo + social al aire libre <br>Ruta descargable, pero puede haber cambios de las paradas durante el d\u00eda. Habr\u00e1 un grupo de whatsapp con nuestra localizaci\u00f3n actualizada.<\/p>\n\n\n\n<div data-wp-interactive=\"core\/file\" class=\"wp-block-file\"><object data-wp-bind--hidden=\"!state.hasPdfPreview\" hidden class=\"wp-block-file__embed\" data=\"https:\/\/www.ruedaton.es\/wp-content\/uploads\/2025\/05\/Ruta-oficial2025-Documentos-de-Google-1.pdf\" type=\"application\/pdf\" style=\"width:100%;height:600px\" aria-label=\"Embed of Ruta-oficial2025-Documentos-de-Google-1.\"><\/object><a id=\"wp-block-file--media-7bf998e8-e06a-40a1-ab0a-0900596ad288\" href=\"https:\/\/www.ruedaton.es\/wp-content\/uploads\/2025\/05\/Ruta-oficial2025-Documentos-de-Google-1.pdf\">Ruta-oficial2025-Documentos-de-Google-1<\/a><a href=\"https:\/\/www.ruedaton.es\/wp-content\/uploads\/2025\/05\/Ruta-oficial2025-Documentos-de-Google-1.pdf\" class=\"wp-block-file__button wp-element-button\" download aria-describedby=\"wp-block-file--media-7bf998e8-e06a-40a1-ab0a-0900596ad288\">Download<\/a><\/div>\n","protected":false},"excerpt":{"rendered":"<p>\u00a1Este es un evento abierto al que cualquier bailar\u00edn de rueda puede unirse en cualquier parte de la ruta! \u00a1Importante! No es necesario hacer toda la ruta o registrarse, puedes<a href=\"https:\/\/www.ruedaton.es\/?page_id=102\" class=\"more-link\"><span class=\"readmore\">Continue reading<span class=\"screen-reader-text\">Ruta<\/span><\/span><\/a><\/p>\n","protected":false},"author":1,"featured_media":644,"parent":0,"menu_order":4,"comment_status":"closed","ping_status":"closed","template":"","meta":{"ngg_post_thumbnail":0,"footnotes":""},"class_list":["post-102","page","type-page","status-publish","has-post-thumbnail","hentry"],"_links":{"self":[{"href":"https:\/\/www.ruedaton.es\/index.php?rest_route=\/wp\/v2\/pages\/102","targetHints":{"allow":["GET"]}}],"collection":[{"href":"https:\/\/www.ruedaton.es\/index.php?rest_route=\/wp\/v2\/pages"}],"about":[{"href":"https:\/\/www.ruedaton.es\/index.php?rest_route=\/wp\/v2\/types\/page"}],"author":[{"embeddable":true,"href":"https:\/\/www.ruedaton.es\/index.php?rest_route=\/wp\/v2\/users\/1"}],"replies":[{"embeddable":true,"href":"https:\/\/www.ruedaton.es\/index.php?rest_route=%2Fwp%2Fv2%2Fcomments&post=102"}],"version-history":[{"count":11,"href":"https:\/\/www.ruedaton.es\/index.php?rest_route=\/wp\/v2\/pages\/102\/revisions"}],"predecessor-version":[{"id":689,"href":"https:\/\/www.ruedaton.es\/index.php?rest_route=\/wp\/v2\/pages\/102\/revisions\/689"}],"wp:featuredmedia":[{"embeddable":true,"href":"https:\/\/www.ruedaton.es\/index.php?rest_route=\/wp\/v2\/media\/644"}],"wp:attachment":[{"href":"https:\/\/www.ruedaton.es\/index.php?rest_route=%2Fwp%2Fv2%2Fmedia&parent=102"}],"curies":[{"name":"wp","href":"https:\/\/api.w.org\/{rel}","templated":true}]}}