{"id":105,"date":"2023-03-24T15:41:01","date_gmt":"2023-03-24T15:41:01","guid":{"rendered":"http:\/\/www.ruedaton.es\/?page_id=105"},"modified":"2025-05-26T16:18:25","modified_gmt":"2025-05-26T16:18:25","slug":"info","status":"publish","type":"page","link":"https:\/\/www.ruedaton.es\/?page_id=105","title":{"rendered":"Info"},"content":{"rendered":"\n<p>Queremos que todos se diviertan de manera segura y sin problemas durante el fin de semana. Para poder avanzar r\u00e1pidamente por la ruta y que todos puedan bailar, es importante leer y seguir las pautas de Ruedat\u00f3n para que todos disfruten. <\/p>\n\n\n\n<p><\/p>\n\n\n\n<blockquote class=\"wp-block-quote is-layout-flow wp-block-quote-is-layout-flow\">\n<p> <br>PREPARACI\u00d3N: Prep\u00e1rate para un d\u00eda largo como si fueras a acampar, viste apropiadamente, lleva agua, empaca ligero, etc. <br> <\/p>\n<\/blockquote>\n\n\n\n<blockquote class=\"wp-block-quote is-layout-flow wp-block-quote-is-layout-flow\">\n<p> <br>TRANSPORTE: En muchas ruedas caminaremos entre las paradas. Sin embargo, a veces tendremos que tomar el autob\u00fas o el metro. No organizaremos el transporte, pero todos tendr\u00e1n un mapa que indica las pr\u00f3ximas paradas. Es tu responsabilidad llegar all\u00ed, pero es Madrid, as\u00ed que siempre hay muchas opciones. Si eres de fuera de la ciudad, solo aseg\u00farate de conseguir un pase de dos d\u00edas y quedarte con el grupo o un voluntario. <br> <\/p>\n<\/blockquote>\n\n\n\n<blockquote class=\"wp-block-quote is-layout-flow wp-block-quote-is-layout-flow\">\n<p>ETIQUETA: No rompas la rueda: No entres o salgas de una rueda sin un compa\u00f1ero, ya que esto rompe la rueda y agrega dificultades innecesarias para el cantante y los otros bailarines. \u00a1La rueda es un baile colaborativo y todos tenemos que colaborar para mantenerla en movimiento! Nivel: Haremos algunas ruedas grandes y de nivel bajo a las que todos puedan unirse, pero tambi\u00e9n queremos mantener el fin de semana interesante para los entusiastas de la rueda experimentados. En algunas paradas, varios cantantees hacen peque\u00f1as ruedas para varios niveles. \u00a1Presta atenci\u00f3n al cantante y lo que anuncian antes de elegir! <a href=\"https:\/\/dame2salsa.com\/consejos-de-salsa-cubana-ii-la-ruedetiqueta\/\">(Lee este art\u00edculo<\/a>)<\/p>\n<\/blockquote>\n\n\n\n<blockquote class=\"wp-block-quote is-layout-flow wp-block-quote-is-layout-flow\">\n<p>VESTIMENTA Para evitar el largo per\u00edodo de espera al principio e identificar a los compa\u00f1eros para entrar en una rueda (etiqueta), sugerimos usar algo que identifique f\u00e1cilmente qu\u00e9 roles bailas, como:<\/p>\n\n\n\n<p>SEGUIDORES: AZUL<\/p>\n\n\n\n<p>L\u00cdDERES: ROJO<\/p>\n\n\n\n<p>L\u00cdDOWERS: MORADO <\/p>\n\n\n\n<p>VOLUNTARIOS: \u00a1Ser\u00e1n visibles!<br><br><a href=\"https:\/\/www.latostadora.com\/shop\/dame2salsastore\/\" data-type=\"link\" data-id=\"https:\/\/www.latostadora.com\/shop\/dame2salsastore\/\">\u00a1Venta de camisetas disponibles ya!<\/a><br>Dise\u00f1o nuevo, edici\u00f3n 2025 disponible en nuestra tienda en la Tostadora<\/p>\n<\/blockquote>\n\n\n\n<figure class=\"wp-block-image size-large\"><img loading=\"lazy\" decoding=\"async\" width=\"1024\" height=\"635\" src=\"https:\/\/www.ruedaton.es\/wp-content\/uploads\/2025\/05\/CropperCapture280-1-1024x635.jpg\" alt=\"\" class=\"wp-image-681\" srcset=\"https:\/\/www.ruedaton.es\/wp-content\/uploads\/2025\/05\/CropperCapture280-1-1024x635.jpg 1024w, https:\/\/www.ruedaton.es\/wp-content\/uploads\/2025\/05\/CropperCapture280-1-300x186.jpg 300w, https:\/\/www.ruedaton.es\/wp-content\/uploads\/2025\/05\/CropperCapture280-1-768x476.jpg 768w, https:\/\/www.ruedaton.es\/wp-content\/uploads\/2025\/05\/CropperCapture280-1.jpg 1101w\" sizes=\"auto, (max-width: 1024px) 100vw, 1024px\" \/><\/figure>\n\n\n\n<p>Descarga la gu\u00eda oficial aqu\u00ed:<\/p>\n\n\n\n<div data-wp-interactive=\"core\/file\" class=\"wp-block-file\"><object data-wp-bind--hidden=\"!state.hasPdfPreview\" hidden class=\"wp-block-file__embed\" data=\"https:\/\/www.ruedaton.es\/wp-content\/uploads\/2025\/05\/ProgramaRuedaton2025-1.pdf\" type=\"application\/pdf\" style=\"width:100%;height:600px\" aria-label=\"Embed of ProgramaRuedaton2025-1.\"><\/object><a id=\"wp-block-file--media-4d2ab8a3-03df-40b5-959c-c015363b9c5a\" href=\"https:\/\/www.ruedaton.es\/wp-content\/uploads\/2025\/05\/ProgramaRuedaton2025-1.pdf\">ProgramaRuedaton2025-1<\/a><a href=\"https:\/\/www.ruedaton.es\/wp-content\/uploads\/2025\/05\/ProgramaRuedaton2025-1.pdf\" class=\"wp-block-file__button wp-element-button\" download aria-describedby=\"wp-block-file--media-4d2ab8a3-03df-40b5-959c-c015363b9c5a\">Download<\/a><\/div>\n\n\n\n<p><\/p>\n","protected":false},"excerpt":{"rendered":"<p>Queremos que todos se diviertan de manera segura y sin problemas durante el fin de semana. Para poder avanzar r\u00e1pidamente por la ruta y que todos puedan bailar, es importante<a href=\"https:\/\/www.ruedaton.es\/?page_id=105\" class=\"more-link\"><span class=\"readmore\">Continue reading<span class=\"screen-reader-text\">Info<\/span><\/span><\/a><\/p>\n","protected":false},"author":1,"featured_media":634,"parent":0,"menu_order":2,"comment_status":"closed","ping_status":"open","template":"","meta":{"ngg_post_thumbnail":0,"footnotes":""},"class_list":["post-105","page","type-page","status-publish","has-post-thumbnail","hentry"],"_links":{"self":[{"href":"https:\/\/www.ruedaton.es\/index.php?rest_route=\/wp\/v2\/pages\/105","targetHints":{"allow":["GET"]}}],"collection":[{"href":"https:\/\/www.ruedaton.es\/index.php?rest_route=\/wp\/v2\/pages"}],"about":[{"href":"https:\/\/www.ruedaton.es\/index.php?rest_route=\/wp\/v2\/types\/page"}],"author":[{"embeddable":true,"href":"https:\/\/www.ruedaton.es\/index.php?rest_route=\/wp\/v2\/users\/1"}],"replies":[{"embeddable":true,"href":"https:\/\/www.ruedaton.es\/index.php?rest_route=%2Fwp%2Fv2%2Fcomments&post=105"}],"version-history":[{"count":13,"href":"https:\/\/www.ruedaton.es\/index.php?rest_route=\/wp\/v2\/pages\/105\/revisions"}],"predecessor-version":[{"id":699,"href":"https:\/\/www.ruedaton.es\/index.php?rest_route=\/wp\/v2\/pages\/105\/revisions\/699"}],"wp:featuredmedia":[{"embeddable":true,"href":"https:\/\/www.ruedaton.es\/index.php?rest_route=\/wp\/v2\/media\/634"}],"wp:attachment":[{"href":"https:\/\/www.ruedaton.es\/index.php?rest_route=%2Fwp%2Fv2%2Fmedia&parent=105"}],"curies":[{"name":"wp","href":"https:\/\/api.w.org\/{rel}","templated":true}]}}