{"id":109,"date":"2023-03-24T16:39:44","date_gmt":"2023-03-24T16:39:44","guid":{"rendered":"http:\/\/www.ruedaton.es\/?page_id=109"},"modified":"2024-05-16T10:52:58","modified_gmt":"2024-05-16T10:52:58","slug":"figuras-y-transiciones-2","status":"publish","type":"page","link":"https:\/\/www.ruedaton.es\/?page_id=109","title":{"rendered":"Figuras y transiciones"},"content":{"rendered":"\n<p>CANTANTES: CONOCE A TU AUDIENCIA<\/p>\n\n\n\n<p>Cante b\u00e1sico: si deseas que en tu rueda pueda participar cualquier bailar\u00edn, aseg\u00farate de cantar con dificultad y rapidez creciente para comprobar la habilidad de los bailarines para mantener la rueda en movimiento. Cantar movimientos que no implican transiciones, como &#8220;un fly&#8221;, te ayudar\u00e1 a que todos vayan a la vez. \u00a1Ponte en contacto con nosotros si deseas ser el cantante principal del d\u00eda o un cantante en un lugar espec\u00edfico!&nbsp;<\/p>\n\n\n\n<p>Cante avanzado: si deseas cantar una rueda avanzada, an\u00fancialo diciendo &#8220;nivel alto\/avanzado&#8221; y procede a cantar movimientos continuos de nivel superior para que no se unan bailarines que no los conocen (saloneo, enr\u00f3scala, etc.).&nbsp;<\/p>\n\n\n\n<p>Talleres de cantar rueda: \u00bfInteresado en cantar o mejorar tu cante de rueda? \u00a1Ofrecemos excelentes talleres para cantantes b\u00e1sicos y m\u00e1s avanzados!<\/p>\n\n\n\n<p>BAILARINES: CONOCE TU NIVEL&nbsp;<\/p>\n\n\n\n<p>Queremos que todos se diviertan y bailen, pero no todas las ruedas pueden ser adecuadas para ti. Queremos que bailarines de todos los niveles se diviertan y se sientan desafiados, as\u00ed que aseg\u00farate de entrar en ruedas que se ajusten a tu nivel (tendremos varios cantantes).<\/p>\n\n\n\n<p>Si te encuentras en una rueda que es demasiado dif\u00edcil, aseg\u00farate de salir con una pareja (\u00a1nunca abandones una rueda sin una pareja!). Echa un vistazo a la lista de pasos, videos de ruedas b\u00e1sicas para asegurarte de que este evento es para ti. Si quieres mejorar tus habilidades de rueda antes de mayo, desde cero o sabiendo ya rueda, ponte en contacto con nosotros. Puedes unirte a Dame2Salsa durante el trimestre de primavera (abril-junio).<\/p>\n\n\n\n<p class=\"has-text-align-center\"><strong>Rueda calls<\/strong><\/p>\n\n\n\n<p>Figuras y pasos B\u00c1SICOS&nbsp;<\/p>\n\n\n\n<p>\u00a1Para participar en este evento es esencial tener habilidades b\u00e1sicas de rueda antes de unirse! Aqu\u00ed hay un ejemplo de una rueda accesible a la que muchos bailarines pueden unirse. \u00bfEres nuevo en la rueda? \u00a1\u00danete a nuestra escuela en abril y capac\u00edtate para mayo!<\/p>\n\n\n\n<figure class=\"wp-block-embed is-type-video is-provider-youtube wp-block-embed-youtube wp-embed-aspect-16-9 wp-has-aspect-ratio\"><div class=\"wp-block-embed__wrapper\">\n<iframe loading=\"lazy\" title=\"Pasos del International Rueda de Casino Multi Flashmob Madrid\" width=\"990\" height=\"557\" src=\"https:\/\/www.youtube.com\/embed\/ywWn6FRuL-I?feature=oembed\" frameborder=\"0\" allow=\"accelerometer; autoplay; clipboard-write; encrypted-media; gyroscope; picture-in-picture; web-share\" allowfullscreen><\/iframe>\n<\/div><\/figure>\n","protected":false},"excerpt":{"rendered":"<p>CANTANTES: CONOCE A TU AUDIENCIA Cante b\u00e1sico: si deseas que en tu rueda pueda participar cualquier bailar\u00edn, aseg\u00farate de cantar con dificultad y rapidez creciente para comprobar la habilidad de<a href=\"https:\/\/www.ruedaton.es\/?page_id=109\" class=\"more-link\"><span class=\"readmore\">Continue reading<span class=\"screen-reader-text\">Figuras y transiciones<\/span><\/span><\/a><\/p>\n","protected":false},"author":1,"featured_media":635,"parent":0,"menu_order":3,"comment_status":"closed","ping_status":"closed","template":"","meta":{"ngg_post_thumbnail":0,"footnotes":""},"class_list":["post-109","page","type-page","status-publish","has-post-thumbnail","hentry"],"_links":{"self":[{"href":"https:\/\/www.ruedaton.es\/index.php?rest_route=\/wp\/v2\/pages\/109","targetHints":{"allow":["GET"]}}],"collection":[{"href":"https:\/\/www.ruedaton.es\/index.php?rest_route=\/wp\/v2\/pages"}],"about":[{"href":"https:\/\/www.ruedaton.es\/index.php?rest_route=\/wp\/v2\/types\/page"}],"author":[{"embeddable":true,"href":"https:\/\/www.ruedaton.es\/index.php?rest_route=\/wp\/v2\/users\/1"}],"replies":[{"embeddable":true,"href":"https:\/\/www.ruedaton.es\/index.php?rest_route=%2Fwp%2Fv2%2Fcomments&post=109"}],"version-history":[{"count":2,"href":"https:\/\/www.ruedaton.es\/index.php?rest_route=\/wp\/v2\/pages\/109\/revisions"}],"predecessor-version":[{"id":142,"href":"https:\/\/www.ruedaton.es\/index.php?rest_route=\/wp\/v2\/pages\/109\/revisions\/142"}],"wp:featuredmedia":[{"embeddable":true,"href":"https:\/\/www.ruedaton.es\/index.php?rest_route=\/wp\/v2\/media\/635"}],"wp:attachment":[{"href":"https:\/\/www.ruedaton.es\/index.php?rest_route=%2Fwp%2Fv2%2Fmedia&parent=109"}],"curies":[{"name":"wp","href":"https:\/\/api.w.org\/{rel}","templated":true}]}}