{"id":622,"date":"2024-05-16T10:31:14","date_gmt":"2024-05-16T10:31:14","guid":{"rendered":"https:\/\/www.ruedaton.es\/?page_id=622"},"modified":"2025-06-10T10:47:53","modified_gmt":"2025-06-10T10:47:53","slug":"ruedaton2024","status":"publish","type":"page","link":"https:\/\/www.ruedaton.es\/?page_id=622","title":{"rendered":"Ruedat\u00f3n2025"},"content":{"rendered":"\n<p>Fotos de la tercea edici\u00f3n madrile\u00f1a de ruedat\u00f3n Madrid 2025 por el equipo fabuloso fotogr\u00e1fico <a href=\"https:\/\/www.instagram.com\/monaysalvaje\/\" data-type=\"link\" data-id=\"https:\/\/www.instagram.com\/monaysalvaje\/\">Mona y Salvaje<\/a><\/p>\n\n\n\nngg_shortcode_0_placeholder\n","protected":false},"excerpt":{"rendered":"<p>Fotos de la tercea edici\u00f3n madrile\u00f1a de ruedat\u00f3n Madrid 2025 por el equipo fabuloso fotogr\u00e1fico Mona y Salvaje<\/p>\n","protected":false},"author":1,"featured_media":945,"parent":0,"menu_order":0,"comment_status":"closed","ping_status":"closed","template":"","meta":{"ngg_post_thumbnail":0,"footnotes":""},"class_list":["post-622","page","type-page","status-publish","has-post-thumbnail","hentry"],"_links":{"self":[{"href":"https:\/\/www.ruedaton.es\/index.php?rest_route=\/wp\/v2\/pages\/622","targetHints":{"allow":["GET"]}}],"collection":[{"href":"https:\/\/www.ruedaton.es\/index.php?rest_route=\/wp\/v2\/pages"}],"about":[{"href":"https:\/\/www.ruedaton.es\/index.php?rest_route=\/wp\/v2\/types\/page"}],"author":[{"embeddable":true,"href":"https:\/\/www.ruedaton.es\/index.php?rest_route=\/wp\/v2\/users\/1"}],"replies":[{"embeddable":true,"href":"https:\/\/www.ruedaton.es\/index.php?rest_route=%2Fwp%2Fv2%2Fcomments&post=622"}],"version-history":[{"count":8,"href":"https:\/\/www.ruedaton.es\/index.php?rest_route=\/wp\/v2\/pages\/622\/revisions"}],"predecessor-version":[{"id":942,"href":"https:\/\/www.ruedaton.es\/index.php?rest_route=\/wp\/v2\/pages\/622\/revisions\/942"}],"wp:featuredmedia":[{"embeddable":true,"href":"https:\/\/www.ruedaton.es\/index.php?rest_route=\/wp\/v2\/media\/945"}],"wp:attachment":[{"href":"https:\/\/www.ruedaton.es\/index.php?rest_route=%2Fwp%2Fv2%2Fmedia&parent=622"}],"curies":[{"name":"wp","href":"https:\/\/api.w.org\/{rel}","templated":true}]}}