{"id":99,"date":"2023-03-24T11:26:16","date_gmt":"2023-03-24T11:26:16","guid":{"rendered":"http:\/\/www.ruedaton.es\/?page_id=99"},"modified":"2025-05-28T09:13:56","modified_gmt":"2025-05-28T09:13:56","slug":"el-evento-2","status":"publish","type":"page","link":"https:\/\/www.ruedaton.es\/","title":{"rendered":"Evento"},"content":{"rendered":"\n<p>\u00a1Bienvenidos a Ruedat\u00f3n Madrid!<\/p>\n\n\n\n<p>La comunidad salsera de Madrid, por la tercera vez, intentar\u00e1 emular el festival de rueda estilo marat\u00f3n de Nueva York y Par\u00eds (\u00a1con alg\u00fan cambio!) reuni\u00e9ndose durante todo un fin de semana para bailar kil\u00f3metros y kil\u00f3metros de rueda de casino.<\/p>\n\n\n\n<p>Organizado por <a href=\"https:\/\/dame2salsa.com\/\">Dame2Salsa<\/a>, la \u00fanica escuela SOLO de rueda de Madrid, tendr\u00e1 lugar el:<\/p>\n\n\n\n<p>S\u00e1bado 31 de mayo y domingo 1 de junio de 2025<\/p>\n\n\n\n<p><a href=\"https:\/\/ruedathon.com\/\" data-type=\"URL\" data-id=\"https:\/\/ruedathon.com\/\">NUEVA YORK <\/a><\/p>\n\n\n\n<p><a href=\"https:\/\/tqsalsarueda.wixsite.com\/ruedathonparis\/home\">PAR\u00cdS<\/a><br><br><a href=\"https:\/\/www.instagram.com\/ruedathon.lyon\/\" data-type=\"link\" data-id=\"https:\/\/www.instagram.com\/ruedathon.lyon\/\">LYON<\/a><\/p>\n\n\n\n<p>&#8230; \u00a1Y MADRID!<\/p>\n","protected":false},"excerpt":{"rendered":"<p>\u00a1Bienvenidos a Ruedat\u00f3n Madrid! La comunidad salsera de Madrid, por la tercera vez, intentar\u00e1 emular el festival de rueda estilo marat\u00f3n de Nueva York y Par\u00eds (\u00a1con alg\u00fan cambio!) reuni\u00e9ndose<a href=\"https:\/\/www.ruedaton.es\/\" class=\"more-link\"><span class=\"readmore\">Continue reading<span class=\"screen-reader-text\">Evento<\/span><\/span><\/a><\/p>\n","protected":false},"author":1,"featured_media":633,"parent":0,"menu_order":1,"comment_status":"closed","ping_status":"closed","template":"","meta":{"ngg_post_thumbnail":0,"footnotes":""},"class_list":["post-99","page","type-page","status-publish","has-post-thumbnail","hentry"],"_links":{"self":[{"href":"https:\/\/www.ruedaton.es\/index.php?rest_route=\/wp\/v2\/pages\/99","targetHints":{"allow":["GET"]}}],"collection":[{"href":"https:\/\/www.ruedaton.es\/index.php?rest_route=\/wp\/v2\/pages"}],"about":[{"href":"https:\/\/www.ruedaton.es\/index.php?rest_route=\/wp\/v2\/types\/page"}],"author":[{"embeddable":true,"href":"https:\/\/www.ruedaton.es\/index.php?rest_route=\/wp\/v2\/users\/1"}],"replies":[{"embeddable":true,"href":"https:\/\/www.ruedaton.es\/index.php?rest_route=%2Fwp%2Fv2%2Fcomments&post=99"}],"version-history":[{"count":6,"href":"https:\/\/www.ruedaton.es\/index.php?rest_route=\/wp\/v2\/pages\/99\/revisions"}],"predecessor-version":[{"id":701,"href":"https:\/\/www.ruedaton.es\/index.php?rest_route=\/wp\/v2\/pages\/99\/revisions\/701"}],"wp:featuredmedia":[{"embeddable":true,"href":"https:\/\/www.ruedaton.es\/index.php?rest_route=\/wp\/v2\/media\/633"}],"wp:attachment":[{"href":"https:\/\/www.ruedaton.es\/index.php?rest_route=%2Fwp%2Fv2%2Fmedia&parent=99"}],"curies":[{"name":"wp","href":"https:\/\/api.w.org\/{rel}","templated":true}]}}